{"id":205,"date":"2023-04-20T11:50:40","date_gmt":"2023-04-20T11:50:40","guid":{"rendered":"https:\/\/www.starwoodpanel.com\/?page_id=205"},"modified":"2023-06-13T06:30:27","modified_gmt":"2023-06-13T06:30:27","slug":"declaracion-de-accesibilidad","status":"publish","type":"page","link":"https:\/\/www.starwoodpanel.com\/en\/declaracion-de-accesibilidad\/","title":{"rendered":"Declaraci\u00f3n de accesibilidad"},"content":{"rendered":"<style>.kb-row-layout-id_ed958c-5e > .kt-row-column-wrap{align-content:start;}:where(.kb-row-layout-id_ed958c-5e > .kt-row-column-wrap) > .wp-block-kadence-column{justify-content:start;}.kb-row-layout-id_ed958c-5e > .kt-row-column-wrap{column-gap:var(--global-kb-gap-md, 2rem);row-gap:var(--global-kb-gap-md, 2rem);padding-top:200px;padding-bottom:50px;grid-template-columns:minmax(0, 1fr);}.kb-row-layout-id_ed958c-5e > .kt-row-layout-overlay{opacity:0.50;}.kb-row-layout-id_ed958c-5e ,.kb-row-layout-id_ed958c-5e h1,.kb-row-layout-id_ed958c-5e h2,.kb-row-layout-id_ed958c-5e h3,.kb-row-layout-id_ed958c-5e h4,.kb-row-layout-id_ed958c-5e h5,.kb-row-layout-id_ed958c-5e h6{color:var(--global-palette9, #ffffff);}@media all and (max-width: 1024px){.kb-row-layout-id_ed958c-5e > .kt-row-column-wrap{grid-template-columns:minmax(0, 1fr);}}@media all and (max-width: 767px){.kb-row-layout-id_ed958c-5e > .kt-row-column-wrap{grid-template-columns:minmax(0, 1fr);}}<\/style><div class=\"kb-row-layout-wrap kb-row-layout-id_ed958c-5e alignnone has-theme-palette1-background-color kt-row-has-bg wp-block-kadence-rowlayout\"><div class=\"kt-row-column-wrap kt-has-1-columns kt-row-layout-equal kt-tab-layout-inherit kt-mobile-layout-row kt-row-valign-top\">\n<style>.kadence-column_3ac4e5-fa > .kt-inside-inner-col,.kadence-column_3ac4e5-fa > .kt-inside-inner-col:before{border-top-left-radius:0px;border-top-right-radius:0px;border-bottom-right-radius:0px;border-bottom-left-radius:0px;}.kadence-column_3ac4e5-fa > .kt-inside-inner-col:before{opacity:0.3;}.kadence-column_3ac4e5-fa{position:relative;}<\/style>\n<div class=\"wp-block-kadence-column kadence-column_3ac4e5-fa\"><div class=\"kt-inside-inner-col\"><style>.wp-block-kadence-advancedheading.kt-adv-heading_6b5d48-ba, .wp-block-kadence-advancedheading.kt-adv-heading_6b5d48-ba[data-kb-block=\"kb-adv-heading_6b5d48-ba\"]{text-align:center;font-size:var(--global-kb-font-size-xxl, 4rem);font-weight:400;font-style:normal;font-family:'Playfair Display';}.wp-block-kadence-advancedheading.kt-adv-heading_6b5d48-ba mark, .wp-block-kadence-advancedheading.kt-adv-heading_6b5d48-ba[data-kb-block=\"kb-adv-heading_6b5d48-ba\"] mark{font-style:normal;color:#f76a0c;padding-top:0px;padding-right:0px;padding-bottom:0px;padding-left:0px;}<\/style>\n<h1 class=\"kt-adv-heading_6b5d48-ba wp-block-kadence-advancedheading\" data-kb-block=\"kb-adv-heading_6b5d48-ba\">Accesibilidad<\/h1>\n<\/div><\/div>\n\n<\/div><\/div>\n\n<style>.kb-row-layout-id_270afd-3f > .kt-row-column-wrap{align-content:start;}:where(.kb-row-layout-id_270afd-3f > .kt-row-column-wrap) > .wp-block-kadence-column{justify-content:start;}.kb-row-layout-id_270afd-3f > .kt-row-column-wrap{column-gap:var(--global-kb-gap-md, 2rem);row-gap:var(--global-kb-gap-md, 2rem);max-width:900px;margin-left:auto;margin-right:auto;padding-top:var(--global-kb-spacing-lg, 3rem);padding-right:var(--global-kb-spacing-xs, 1rem);padding-bottom:var(--global-kb-spacing-xl, 4rem);padding-left:var(--global-kb-spacing-xs, 1rem);grid-template-columns:minmax(0, 1fr);}.kb-row-layout-id_270afd-3f > .kt-row-layout-overlay{opacity:0.30;}@media all and (max-width: 1024px){.kb-row-layout-id_270afd-3f > .kt-row-column-wrap{grid-template-columns:minmax(0, 1fr);}}@media all and (max-width: 767px){.kb-row-layout-id_270afd-3f > .kt-row-column-wrap{grid-template-columns:minmax(0, 1fr);}}<\/style><div class=\"kb-row-layout-wrap kb-row-layout-id_270afd-3f alignnone wp-block-kadence-rowlayout\"><div class=\"kt-row-column-wrap kt-has-1-columns kt-row-layout-equal kt-tab-layout-inherit kt-mobile-layout-row kt-row-valign-top\">\n<style>.kadence-column_78652f-7f > .kt-inside-inner-col,.kadence-column_78652f-7f > .kt-inside-inner-col:before{border-top-left-radius:0px;border-top-right-radius:0px;border-bottom-right-radius:0px;border-bottom-left-radius:0px;}.kadence-column_78652f-7f > .kt-inside-inner-col:before{opacity:0.3;}.kadence-column_78652f-7f{position:relative;}<\/style>\n<div class=\"wp-block-kadence-column kadence-column_78652f-7f\"><div class=\"kt-inside-inner-col\">\n<p>Giroverd C\u00e9sped Artificial, SL. se ha comprometido a hacer accesible su sitio web, de conformidad con el Real Decreto 1112\/2018, de 7 de septiembre, sobre accesibilidad de los sitios web y aplicaciones para dispositivos m\u00f3viles del sector p\u00fablico.<\/p>\n\n\n\n<p>La presente declaraci\u00f3n de accesibilidad se aplica al sitio web&nbsp;<a href=\"https:\/\/www.starwoodpanel.com\/en\/\">https:\/\/www.starwoodpanel.com\/<\/a><\/p>\n\n\n\n<p><strong>Situaci\u00f3n de cumplimiento<\/strong><\/p>\n\n\n\n<p>Este sitio web se encuentra desarrollado conforme con el&nbsp;RD 1112\/2018<\/p>\n\n\n\n<p><strong>Preparaci\u00f3n para la siguiente declaraci\u00f3n de accesibilidad<\/strong><\/p>\n\n\n\n<p>La presente declaraci\u00f3n fue preparada el 20 de abril de 2023.<\/p>\n\n\n\n<p>El m\u00e9todo empleado para preparar la declaraci\u00f3n ha sido una autoevaluaci\u00f3n.<\/p>\n\n\n\n<p><strong>Observaciones y datos de contacto<\/strong><\/p>\n\n\n\n<p>Puede realizar comunicaciones sobre requisitos de accesibilidad (art\u00edculo 10.2.a del RD 1112\/2018) como, por ejemplo:<\/p>\n\n\n\n<ul class=\"wp-block-list\">\n<li>Informar sobre cualquier posible incumplimiento por parte de este sitio web<\/li>\n\n\n\n<li>Transmitir otras dificultades de acceso al contenido<\/li>\n\n\n\n<li>Formular cualquier otra consulta o sugerencia de mejora relativa a la accesibilidad del sitio web<\/li>\n<\/ul>\n\n\n\n<p>a trav\u00e9s del&nbsp;<a href=\"https:\/\/www.starwoodpanel.com\/en\/contacto\/\">formulario de contacto<\/a>&nbsp;de este sitio web o a trav\u00e9s del n\u00famero de tel\u00e9fono (+34)&nbsp;<a href=\"tel: 34937291139.\">+34 93 729 11 39.<\/a>.<\/p>\n\n\n\n<p>Puede presentar:<\/p>\n\n\n\n<ul class=\"wp-block-list\">\n<li>Queja relativa al cumplimiento de los requisitos del RD 1112\/2018 o<\/li>\n\n\n\n<li>Solicitud de Informaci\u00f3n accesible relativa a:\n<ul class=\"wp-block-list\">\n<li>Contenidos que est\u00e1n excluidos del \u00e1mbito de aplicaci\u00f3n del RD 1112\/2018 seg\u00fan lo establecido por el art\u00edculo 3, apartado 4<\/li>\n\n\n\n<li>Contenidos que est\u00e1n exentos del cumplimiento de los requisitos de accesibilidad por imponer una carga desproporcionada<\/li>\n<\/ul>\n<\/li>\n<\/ul>\n\n\n\n<p>En la Solicitud de informaci\u00f3n accesible, se debe concretar, con toda claridad, los hechos, razones y petici\u00f3n que permitan constatar que se trata de una solicitud razonable y leg\u00edtima.<\/p>\n\n\n\n<p>Las quejas y reclamaciones sobre informaci\u00f3n accesible se realizar\u00e1n a trav\u00e9s de la sede electr\u00f3nica (<a href=\"https:\/\/sede.red.gob.es\/procedimientos\/quejas-y-sugerencias\">https:\/\/sede.red.gob.es\/procedimientos\/quejas-y-sugerencias)<\/a>, y ser\u00e1n recibidas y tratadas por el \u00e1rea de Sistemas de la Informaci\u00f3n de Red.es.<\/p>\n\n\n\n<p><strong>Contenido opcional<\/strong><\/p>\n\n\n\n<p>Si desea cambiar el tama\u00f1o de letra del texto en los principales navegadores gr\u00e1ficos utilice los siguientes men\u00fas:<\/p>\n\n\n\n<ul class=\"wp-block-list\">\n<li>Internet Explorer, Mozilla y Firefox: Ver &gt; Tama\u00f1o del texto<\/li>\n\n\n\n<li>Opera: Ver &gt; Zoom<\/li>\n\n\n\n<li>Safari: Ver &gt; Hacer el texto m\u00e1s grande<\/li>\n\n\n\n<li>Chrome: Controla la p\u00e1gina actual &gt; Tama\u00f1o del texto<\/li>\n\n\n\n<li>Para modificar el tama\u00f1o de todo en la p\u00e1gina:\n<ul class=\"wp-block-list\">\n<li>Ctrl + + para aumentarlo<\/li>\n\n\n\n<li>Ctrl + &#8211; para disminuirlo<\/li>\n\n\n\n<li>Ctrl + 0 restaura el tama\u00f1o original del texto<\/li>\n\n\n\n<li>Si lo que quiere es anular la hoja de estilos o modificar el color del texto, puede consultar la p\u00e1gina&nbsp;How to Change Text Size or Colors de la WAI, que se puede leer traducida al espa\u00f1ol en \u00bfC\u00f3mo cambiar el tama\u00f1o del texto o colores?<\/li>\n<\/ul>\n<\/li>\n<\/ul>\n<\/div><\/div>\n\n<\/div><\/div>","protected":false},"excerpt":{"rendered":"<p>Accesibilidad Giroverd C\u00e9sped Artificial, SL. se ha comprometido a hacer accesible su sitio web, de conformidad con el Real Decreto 1112\/2018, de 7 de septiembre, sobre accesibilidad de los sitios web y aplicaciones para dispositivos m\u00f3viles del sector p\u00fablico. La presente declaraci\u00f3n de accesibilidad se aplica al sitio web&nbsp;https:\/\/www.starwoodpanel.com\/ Situaci\u00f3n de cumplimiento Este sitio web&#8230;<\/p>","protected":false},"author":1,"featured_media":0,"parent":0,"menu_order":13,"comment_status":"closed","ping_status":"closed","template":"","meta":{"_kad_blocks_custom_css":"","_kad_blocks_head_custom_js":"","_kad_blocks_body_custom_js":"","_kad_blocks_footer_custom_js":"","_kad_post_transparent":"enable","_kad_post_title":"","_kad_post_layout":"","_kad_post_sidebar_id":"","_kad_post_content_style":"","_kad_post_vertical_padding":"","_kad_post_feature":"","_kad_post_feature_position":"","_kad_post_header":false,"_kad_post_footer":false,"footnotes":""},"class_list":["post-205","page","type-page","status-publish","hentry"],"yoast_head":"<!-- This site is optimized with the Yoast SEO plugin v20.9 - https:\/\/yoast.com\/wordpress\/plugins\/seo\/ -->\n<title>Declaraci\u00f3n de accesibilidad - Starwood Panel<\/title>\n<meta name=\"robots\" content=\"index, follow, max-snippet:-1, max-image-preview:large, max-video-preview:-1\" \/>\n<link rel=\"canonical\" href=\"https:\/\/www.starwoodpanel.com\/en\/declaracion-de-accesibilidad\/\" \/>\n<meta property=\"og:locale\" content=\"en_GB\" \/>\n<meta property=\"og:type\" content=\"article\" \/>\n<meta property=\"og:title\" content=\"Declaraci\u00f3n de accesibilidad - Starwood Panel\" \/>\n<meta property=\"og:description\" content=\"Accesibilidad Giroverd C\u00e9sped Artificial, SL. se ha comprometido a hacer accesible su sitio web, de conformidad con el Real Decreto 1112\/2018, de 7 de septiembre, sobre accesibilidad de los sitios web y aplicaciones para dispositivos m\u00f3viles del sector p\u00fablico. La presente declaraci\u00f3n de accesibilidad se aplica al sitio web&nbsp;https:\/\/www.starwoodpanel.com\/ Situaci\u00f3n de cumplimiento Este sitio web...\" \/>\n<meta property=\"og:url\" content=\"https:\/\/www.starwoodpanel.com\/en\/declaracion-de-accesibilidad\/\" \/>\n<meta property=\"og:site_name\" content=\"Starwood Panel\" \/>\n<meta property=\"article:modified_time\" content=\"2023-06-13T06:30:27+00:00\" \/>\n<meta name=\"twitter:card\" content=\"summary_large_image\" \/>\n<meta name=\"twitter:label1\" content=\"Estimated reading time\" \/>\n\t<meta name=\"twitter:data1\" content=\"2 minutes\" \/>\n<script type=\"application\/ld+json\" class=\"yoast-schema-graph\">{\"@context\":\"https:\/\/schema.org\",\"@graph\":[{\"@type\":\"WebPage\",\"@id\":\"https:\/\/www.starwoodpanel.com\/declaracion-de-accesibilidad\/\",\"url\":\"https:\/\/www.starwoodpanel.com\/declaracion-de-accesibilidad\/\",\"name\":\"Declaraci\u00f3n de accesibilidad - Starwood Panel\",\"isPartOf\":{\"@id\":\"https:\/\/www.starwoodpanel.com\/#website\"},\"datePublished\":\"2023-04-20T11:50:40+00:00\",\"dateModified\":\"2023-06-13T06:30:27+00:00\",\"breadcrumb\":{\"@id\":\"https:\/\/www.starwoodpanel.com\/declaracion-de-accesibilidad\/#breadcrumb\"},\"inLanguage\":\"en-GB\",\"potentialAction\":[{\"@type\":\"ReadAction\",\"target\":[\"https:\/\/www.starwoodpanel.com\/declaracion-de-accesibilidad\/\"]}]},{\"@type\":\"BreadcrumbList\",\"@id\":\"https:\/\/www.starwoodpanel.com\/declaracion-de-accesibilidad\/#breadcrumb\",\"itemListElement\":[{\"@type\":\"ListItem\",\"position\":1,\"name\":\"Portada\",\"item\":\"https:\/\/www.starwoodpanel.com\/\"},{\"@type\":\"ListItem\",\"position\":2,\"name\":\"Declaraci\u00f3n de accesibilidad\"}]},{\"@type\":\"WebSite\",\"@id\":\"https:\/\/www.starwoodpanel.com\/#website\",\"url\":\"https:\/\/www.starwoodpanel.com\/\",\"name\":\"Starwood Panel\",\"description\":\"Una nueva vida para tu pared\",\"publisher\":{\"@id\":\"https:\/\/www.starwoodpanel.com\/#organization\"},\"potentialAction\":[{\"@type\":\"SearchAction\",\"target\":{\"@type\":\"EntryPoint\",\"urlTemplate\":\"https:\/\/www.starwoodpanel.com\/?s={search_term_string}\"},\"query-input\":\"required name=search_term_string\"}],\"inLanguage\":\"en-GB\"},{\"@type\":\"Organization\",\"@id\":\"https:\/\/www.starwoodpanel.com\/#organization\",\"name\":\"Starwood Panel\",\"url\":\"https:\/\/www.starwoodpanel.com\/\",\"logo\":{\"@type\":\"ImageObject\",\"inLanguage\":\"en-GB\",\"@id\":\"https:\/\/www.starwoodpanel.com\/#\/schema\/logo\/image\/\",\"url\":\"https:\/\/www.starwoodpanel.com\/wp-content\/uploads\/2023\/04\/starwood.png\",\"contentUrl\":\"https:\/\/www.starwoodpanel.com\/wp-content\/uploads\/2023\/04\/starwood.png\",\"width\":459,\"height\":94,\"caption\":\"Starwood Panel\"},\"image\":{\"@id\":\"https:\/\/www.starwoodpanel.com\/#\/schema\/logo\/image\/\"}}]}<\/script>\n<!-- \/ Yoast SEO plugin. -->","yoast_head_json":{"title":"Declaraci\u00f3n de accesibilidad - Starwood Panel","robots":{"index":"index","follow":"follow","max-snippet":"max-snippet:-1","max-image-preview":"max-image-preview:large","max-video-preview":"max-video-preview:-1"},"canonical":"https:\/\/www.starwoodpanel.com\/en\/declaracion-de-accesibilidad\/","og_locale":"en_GB","og_type":"article","og_title":"Declaraci\u00f3n de accesibilidad - Starwood Panel","og_description":"Accesibilidad Giroverd C\u00e9sped Artificial, SL. se ha comprometido a hacer accesible su sitio web, de conformidad con el Real Decreto 1112\/2018, de 7 de septiembre, sobre accesibilidad de los sitios web y aplicaciones para dispositivos m\u00f3viles del sector p\u00fablico. La presente declaraci\u00f3n de accesibilidad se aplica al sitio web&nbsp;https:\/\/www.starwoodpanel.com\/ Situaci\u00f3n de cumplimiento Este sitio web...","og_url":"https:\/\/www.starwoodpanel.com\/en\/declaracion-de-accesibilidad\/","og_site_name":"Starwood Panel","article_modified_time":"2023-06-13T06:30:27+00:00","twitter_card":"summary_large_image","twitter_misc":{"Estimated reading time":"2 minutes"},"schema":{"@context":"https:\/\/schema.org","@graph":[{"@type":"WebPage","@id":"https:\/\/www.starwoodpanel.com\/declaracion-de-accesibilidad\/","url":"https:\/\/www.starwoodpanel.com\/declaracion-de-accesibilidad\/","name":"Declaraci\u00f3n de accesibilidad - Starwood Panel","isPartOf":{"@id":"https:\/\/www.starwoodpanel.com\/#website"},"datePublished":"2023-04-20T11:50:40+00:00","dateModified":"2023-06-13T06:30:27+00:00","breadcrumb":{"@id":"https:\/\/www.starwoodpanel.com\/declaracion-de-accesibilidad\/#breadcrumb"},"inLanguage":"en-GB","potentialAction":[{"@type":"ReadAction","target":["https:\/\/www.starwoodpanel.com\/declaracion-de-accesibilidad\/"]}]},{"@type":"BreadcrumbList","@id":"https:\/\/www.starwoodpanel.com\/declaracion-de-accesibilidad\/#breadcrumb","itemListElement":[{"@type":"ListItem","position":1,"name":"Portada","item":"https:\/\/www.starwoodpanel.com\/"},{"@type":"ListItem","position":2,"name":"Declaraci\u00f3n de accesibilidad"}]},{"@type":"WebSite","@id":"https:\/\/www.starwoodpanel.com\/#website","url":"https:\/\/www.starwoodpanel.com\/","name":"Starwood Panel","description":"Una nueva vida para tu pared","publisher":{"@id":"https:\/\/www.starwoodpanel.com\/#organization"},"potentialAction":[{"@type":"SearchAction","target":{"@type":"EntryPoint","urlTemplate":"https:\/\/www.starwoodpanel.com\/?s={search_term_string}"},"query-input":"required name=search_term_string"}],"inLanguage":"en-GB"},{"@type":"Organization","@id":"https:\/\/www.starwoodpanel.com\/#organization","name":"Starwood Panel","url":"https:\/\/www.starwoodpanel.com\/","logo":{"@type":"ImageObject","inLanguage":"en-GB","@id":"https:\/\/www.starwoodpanel.com\/#\/schema\/logo\/image\/","url":"https:\/\/www.starwoodpanel.com\/wp-content\/uploads\/2023\/04\/starwood.png","contentUrl":"https:\/\/www.starwoodpanel.com\/wp-content\/uploads\/2023\/04\/starwood.png","width":459,"height":94,"caption":"Starwood Panel"},"image":{"@id":"https:\/\/www.starwoodpanel.com\/#\/schema\/logo\/image\/"}}]}},"featured_image_src_large":false,"author_info":{"display_name":"soporte","author_link":"https:\/\/www.starwoodpanel.com\/en\/author\/soporte\/"},"comment_info":0,"taxonomy_info":[],"_links":{"self":[{"href":"https:\/\/www.starwoodpanel.com\/en\/wp-json\/wp\/v2\/pages\/205","targetHints":{"allow":["GET"]}}],"collection":[{"href":"https:\/\/www.starwoodpanel.com\/en\/wp-json\/wp\/v2\/pages"}],"about":[{"href":"https:\/\/www.starwoodpanel.com\/en\/wp-json\/wp\/v2\/types\/page"}],"author":[{"embeddable":true,"href":"https:\/\/www.starwoodpanel.com\/en\/wp-json\/wp\/v2\/users\/1"}],"replies":[{"embeddable":true,"href":"https:\/\/www.starwoodpanel.com\/en\/wp-json\/wp\/v2\/comments?post=205"}],"version-history":[{"count":2,"href":"https:\/\/www.starwoodpanel.com\/en\/wp-json\/wp\/v2\/pages\/205\/revisions"}],"predecessor-version":[{"id":442,"href":"https:\/\/www.starwoodpanel.com\/en\/wp-json\/wp\/v2\/pages\/205\/revisions\/442"}],"wp:attachment":[{"href":"https:\/\/www.starwoodpanel.com\/en\/wp-json\/wp\/v2\/media?parent=205"}],"curies":[{"name":"wp","href":"https:\/\/api.w.org\/{rel}","templated":true}]}}