{"id":201,"date":"2023-04-20T11:42:59","date_gmt":"2023-04-20T11:42:59","guid":{"rendered":"https:\/\/www.starwoodpanel.com\/?page_id=201"},"modified":"2023-06-13T06:30:17","modified_gmt":"2023-06-13T06:30:17","slug":"aviso-legal","status":"publish","type":"page","link":"https:\/\/www.starwoodpanel.com\/ca\/aviso-legal\/","title":{"rendered":"Aviso legal"},"content":{"rendered":"<style>.kb-row-layout-id_ed958c-5e > .kt-row-column-wrap{align-content:start;}:where(.kb-row-layout-id_ed958c-5e > .kt-row-column-wrap) > .wp-block-kadence-column{justify-content:start;}.kb-row-layout-id_ed958c-5e > .kt-row-column-wrap{column-gap:var(--global-kb-gap-md, 2rem);row-gap:var(--global-kb-gap-md, 2rem);padding-top:200px;padding-bottom:50px;grid-template-columns:minmax(0, 1fr);}.kb-row-layout-id_ed958c-5e > .kt-row-layout-overlay{opacity:0.50;}.kb-row-layout-id_ed958c-5e ,.kb-row-layout-id_ed958c-5e h1,.kb-row-layout-id_ed958c-5e h2,.kb-row-layout-id_ed958c-5e h3,.kb-row-layout-id_ed958c-5e h4,.kb-row-layout-id_ed958c-5e h5,.kb-row-layout-id_ed958c-5e h6{color:var(--global-palette9, #ffffff);}@media all and (max-width: 1024px){.kb-row-layout-id_ed958c-5e > .kt-row-column-wrap{grid-template-columns:minmax(0, 1fr);}}@media all and (max-width: 767px){.kb-row-layout-id_ed958c-5e > .kt-row-column-wrap{grid-template-columns:minmax(0, 1fr);}}<\/style><div class=\"kb-row-layout-wrap kb-row-layout-id_ed958c-5e alignnone has-theme-palette1-background-color kt-row-has-bg wp-block-kadence-rowlayout\"><div class=\"kt-row-column-wrap kt-has-1-columns kt-row-layout-equal kt-tab-layout-inherit kt-mobile-layout-row kt-row-valign-top\">\n<style>.kadence-column_3ac4e5-fa > .kt-inside-inner-col,.kadence-column_3ac4e5-fa > .kt-inside-inner-col:before{border-top-left-radius:0px;border-top-right-radius:0px;border-bottom-right-radius:0px;border-bottom-left-radius:0px;}.kadence-column_3ac4e5-fa > .kt-inside-inner-col:before{opacity:0.3;}.kadence-column_3ac4e5-fa{position:relative;}<\/style>\n<div class=\"wp-block-kadence-column kadence-column_3ac4e5-fa\"><div class=\"kt-inside-inner-col\"><style>.wp-block-kadence-advancedheading.kt-adv-heading_6b5d48-ba, .wp-block-kadence-advancedheading.kt-adv-heading_6b5d48-ba[data-kb-block=\"kb-adv-heading_6b5d48-ba\"]{text-align:center;font-size:var(--global-kb-font-size-xxl, 4rem);font-weight:400;font-style:normal;font-family:'Playfair Display';}.wp-block-kadence-advancedheading.kt-adv-heading_6b5d48-ba mark, .wp-block-kadence-advancedheading.kt-adv-heading_6b5d48-ba[data-kb-block=\"kb-adv-heading_6b5d48-ba\"] mark{font-style:normal;color:#f76a0c;padding-top:0px;padding-right:0px;padding-bottom:0px;padding-left:0px;}<\/style>\n<h1 class=\"kt-adv-heading_6b5d48-ba wp-block-kadence-advancedheading\" data-kb-block=\"kb-adv-heading_6b5d48-ba\">Aviso legal<\/h1>\n<\/div><\/div>\n\n<\/div><\/div>\n\n<style>.kb-row-layout-id_270afd-3f > .kt-row-column-wrap{align-content:start;}:where(.kb-row-layout-id_270afd-3f > .kt-row-column-wrap) > .wp-block-kadence-column{justify-content:start;}.kb-row-layout-id_270afd-3f > .kt-row-column-wrap{column-gap:var(--global-kb-gap-md, 2rem);row-gap:var(--global-kb-gap-md, 2rem);max-width:900px;margin-left:auto;margin-right:auto;padding-top:var(--global-kb-spacing-lg, 3rem);padding-right:var(--global-kb-spacing-xs, 1rem);padding-bottom:var(--global-kb-spacing-xl, 4rem);padding-left:var(--global-kb-spacing-xs, 1rem);grid-template-columns:minmax(0, 1fr);}.kb-row-layout-id_270afd-3f > .kt-row-layout-overlay{opacity:0.30;}@media all and (max-width: 1024px){.kb-row-layout-id_270afd-3f > .kt-row-column-wrap{grid-template-columns:minmax(0, 1fr);}}@media all and (max-width: 767px){.kb-row-layout-id_270afd-3f > .kt-row-column-wrap{grid-template-columns:minmax(0, 1fr);}}<\/style><div class=\"kb-row-layout-wrap kb-row-layout-id_270afd-3f alignnone wp-block-kadence-rowlayout\"><div class=\"kt-row-column-wrap kt-has-1-columns kt-row-layout-equal kt-tab-layout-inherit kt-mobile-layout-row kt-row-valign-top\">\n<style>.kadence-column_78652f-7f > .kt-inside-inner-col,.kadence-column_78652f-7f > .kt-inside-inner-col:before{border-top-left-radius:0px;border-top-right-radius:0px;border-bottom-right-radius:0px;border-bottom-left-radius:0px;}.kadence-column_78652f-7f > .kt-inside-inner-col:before{opacity:0.3;}.kadence-column_78652f-7f{position:relative;}<\/style>\n<div class=\"wp-block-kadence-column kadence-column_78652f-7f\"><div class=\"kt-inside-inner-col\">\n<p>De conformidad con la Ley 34\/2002, de Servicios de la Sociedad de la Informaci\u00f3n y de Comercio Electr\u00f3nico, le informamos que esta web es titularidad de PERFILSTAR, S.A., (en adelante \u201cEL TITULAR\u201d), con CIF: A60507779, con domicilio en Avenida Torre d\u2019en Mateu 77, naves 4,5,6 Barbera del Valles 08210; tel\u00e9fono&nbsp;<a href=\"tel: 34 93 729 11 39\">+34 93 729 11 39<\/a>.<\/p>\n\n\n\n<p><strong>PROPIEDAD INTELECTUAL E INDUSTRIAL<\/strong><\/p>\n\n\n\n<p>Los contenidos de este sitio, incluyendo los textos, im\u00e1genes y dise\u00f1os gr\u00e1ficos, pertenecen a EL TITULAR, o a terceros que han autorizado su uso. EL TITULAR presenta estos contenidos con fines de informaci\u00f3n y promoci\u00f3n. EL TITULAR autoriza su utilizaci\u00f3n exclusivamente con estas finalidades. Cualquier utilizaci\u00f3n de estos dise\u00f1os, im\u00e1genes o textos deber\u00e1 citar expresamente su pertenencia a EL TITULAR, quien se reserva el derecho a iniciar las acciones legales oportunas para reparar los da\u00f1os y perjuicios causados por cualquier acto que vulnere sus derechos de propiedad intelectual o industrial.<\/p>\n\n\n\n<p><strong>EXCLUSI\u00d3N DE RESPONSABILIDAD<\/strong><\/p>\n\n\n\n<p>EL TITULAR act\u00faa con la m\u00e1xima diligencia posible para que los datos y la informaci\u00f3n que ofrece en su sitio web est\u00e9 actualizada en tomo momento, si bien no garantiza ni se hace responsable de la exactitud y actualizaci\u00f3n de los contenidos del sitio web, reserv\u00e1ndose el derecho a modificar dichos contenidos en cualquier momento. EL TITULAR tampoco ser\u00e1 responsable de la informaci\u00f3n que se pueda obtener a trav\u00e9s de enlaces incluidos en el sitio web.<\/p>\n\n\n\n<p>Las relaciones comerciales con los clientes se regir\u00e1n por las Condiciones Generales que, en su caso, se establezcan por EL TITULAR en un documento espec\u00edfico a tal efecto, o por los pactos concretos que pudieran acordarse con los clientes.<\/p>\n\n\n\n<p><strong>CONDICIONES DE USO<\/strong><\/p>\n\n\n\n<p>El uso de este sitio web implica la aceptaci\u00f3n plena de los t\u00e9rminos del presente aviso legal. Los posibles conflictos relativos a esta web se regir\u00e1n exclusivamente por el derecho del Estado Espa\u00f1ol. Toda persona usuaria de la web, independientemente de la jurisdicci\u00f3n territorial desde la cual se produzca su acceso, acepta el cumplimiento y respeto de estas cl\u00e1usulas con renuncia expresa a cualquier otro fuero que pudiera corresponderle.<\/p>\n<\/div><\/div>\n\n<\/div><\/div>","protected":false},"excerpt":{"rendered":"<p>Aviso legal De conformidad con la Ley 34\/2002, de Servicios de la Sociedad de la Informaci\u00f3n y de Comercio Electr\u00f3nico, le informamos que esta web es titularidad de PERFILSTAR, S.A., (en adelante \u201cEL TITULAR\u201d), con CIF: A60507779, con domicilio en Avenida Torre d\u2019en Mateu 77, naves 4,5,6 Barbera del Valles 08210; tel\u00e9fono&nbsp;+34 93 729 11&#8230;<\/p>","protected":false},"author":1,"featured_media":0,"parent":0,"menu_order":12,"comment_status":"closed","ping_status":"closed","template":"","meta":{"_kad_blocks_custom_css":"","_kad_blocks_head_custom_js":"","_kad_blocks_body_custom_js":"","_kad_blocks_footer_custom_js":"","_kad_post_transparent":"enable","_kad_post_title":"hide","_kad_post_layout":"fullwidth","_kad_post_sidebar_id":"","_kad_post_content_style":"unboxed","_kad_post_vertical_padding":"","_kad_post_feature":"","_kad_post_feature_position":"","_kad_post_header":false,"_kad_post_footer":false,"footnotes":""},"class_list":["post-201","page","type-page","status-publish","hentry"],"yoast_head":"<!-- This site is optimized with the Yoast SEO plugin v20.9 - https:\/\/yoast.com\/wordpress\/plugins\/seo\/ -->\n<title>Aviso legal - Starwood Panel<\/title>\n<meta name=\"robots\" content=\"index, follow, max-snippet:-1, max-image-preview:large, max-video-preview:-1\" \/>\n<link rel=\"canonical\" href=\"https:\/\/www.starwoodpanel.com\/ca\/aviso-legal\/\" \/>\n<meta property=\"og:locale\" content=\"ca_ES\" \/>\n<meta property=\"og:type\" content=\"article\" \/>\n<meta property=\"og:title\" content=\"Aviso legal - Starwood Panel\" \/>\n<meta property=\"og:description\" content=\"Aviso legal De conformidad con la Ley 34\/2002, de Servicios de la Sociedad de la Informaci\u00f3n y de Comercio Electr\u00f3nico, le informamos que esta web es titularidad de PERFILSTAR, S.A., (en adelante \u201cEL TITULAR\u201d), con CIF: A60507779, con domicilio en Avenida Torre d\u2019en Mateu 77, naves 4,5,6 Barbera del Valles 08210; tel\u00e9fono&nbsp;+34 93 729 11...\" \/>\n<meta property=\"og:url\" content=\"https:\/\/www.starwoodpanel.com\/ca\/aviso-legal\/\" \/>\n<meta property=\"og:site_name\" content=\"Starwood Panel\" \/>\n<meta property=\"article:modified_time\" content=\"2023-06-13T06:30:17+00:00\" \/>\n<meta name=\"twitter:card\" content=\"summary_large_image\" \/>\n<meta name=\"twitter:label1\" content=\"Temps estimat de lectura\" \/>\n\t<meta name=\"twitter:data1\" content=\"2 minuts\" \/>\n<script type=\"application\/ld+json\" class=\"yoast-schema-graph\">{\"@context\":\"https:\/\/schema.org\",\"@graph\":[{\"@type\":\"WebPage\",\"@id\":\"https:\/\/www.starwoodpanel.com\/aviso-legal\/\",\"url\":\"https:\/\/www.starwoodpanel.com\/aviso-legal\/\",\"name\":\"Aviso legal - Starwood Panel\",\"isPartOf\":{\"@id\":\"https:\/\/www.starwoodpanel.com\/#website\"},\"datePublished\":\"2023-04-20T11:42:59+00:00\",\"dateModified\":\"2023-06-13T06:30:17+00:00\",\"breadcrumb\":{\"@id\":\"https:\/\/www.starwoodpanel.com\/aviso-legal\/#breadcrumb\"},\"inLanguage\":\"ca\",\"potentialAction\":[{\"@type\":\"ReadAction\",\"target\":[\"https:\/\/www.starwoodpanel.com\/aviso-legal\/\"]}]},{\"@type\":\"BreadcrumbList\",\"@id\":\"https:\/\/www.starwoodpanel.com\/aviso-legal\/#breadcrumb\",\"itemListElement\":[{\"@type\":\"ListItem\",\"position\":1,\"name\":\"Portada\",\"item\":\"https:\/\/www.starwoodpanel.com\/\"},{\"@type\":\"ListItem\",\"position\":2,\"name\":\"Aviso legal\"}]},{\"@type\":\"WebSite\",\"@id\":\"https:\/\/www.starwoodpanel.com\/#website\",\"url\":\"https:\/\/www.starwoodpanel.com\/\",\"name\":\"Starwood Panel\",\"description\":\"Una nueva vida para tu pared\",\"publisher\":{\"@id\":\"https:\/\/www.starwoodpanel.com\/#organization\"},\"potentialAction\":[{\"@type\":\"SearchAction\",\"target\":{\"@type\":\"EntryPoint\",\"urlTemplate\":\"https:\/\/www.starwoodpanel.com\/?s={search_term_string}\"},\"query-input\":\"required name=search_term_string\"}],\"inLanguage\":\"ca\"},{\"@type\":\"Organization\",\"@id\":\"https:\/\/www.starwoodpanel.com\/#organization\",\"name\":\"Starwood Panel\",\"url\":\"https:\/\/www.starwoodpanel.com\/\",\"logo\":{\"@type\":\"ImageObject\",\"inLanguage\":\"ca\",\"@id\":\"https:\/\/www.starwoodpanel.com\/#\/schema\/logo\/image\/\",\"url\":\"https:\/\/www.starwoodpanel.com\/wp-content\/uploads\/2023\/04\/starwood.png\",\"contentUrl\":\"https:\/\/www.starwoodpanel.com\/wp-content\/uploads\/2023\/04\/starwood.png\",\"width\":459,\"height\":94,\"caption\":\"Starwood Panel\"},\"image\":{\"@id\":\"https:\/\/www.starwoodpanel.com\/#\/schema\/logo\/image\/\"}}]}<\/script>\n<!-- \/ Yoast SEO plugin. -->","yoast_head_json":{"title":"Aviso legal - Starwood Panel","robots":{"index":"index","follow":"follow","max-snippet":"max-snippet:-1","max-image-preview":"max-image-preview:large","max-video-preview":"max-video-preview:-1"},"canonical":"https:\/\/www.starwoodpanel.com\/ca\/aviso-legal\/","og_locale":"ca_ES","og_type":"article","og_title":"Aviso legal - Starwood Panel","og_description":"Aviso legal De conformidad con la Ley 34\/2002, de Servicios de la Sociedad de la Informaci\u00f3n y de Comercio Electr\u00f3nico, le informamos que esta web es titularidad de PERFILSTAR, S.A., (en adelante \u201cEL TITULAR\u201d), con CIF: A60507779, con domicilio en Avenida Torre d\u2019en Mateu 77, naves 4,5,6 Barbera del Valles 08210; tel\u00e9fono&nbsp;+34 93 729 11...","og_url":"https:\/\/www.starwoodpanel.com\/ca\/aviso-legal\/","og_site_name":"Starwood Panel","article_modified_time":"2023-06-13T06:30:17+00:00","twitter_card":"summary_large_image","twitter_misc":{"Temps estimat de lectura":"2 minuts"},"schema":{"@context":"https:\/\/schema.org","@graph":[{"@type":"WebPage","@id":"https:\/\/www.starwoodpanel.com\/aviso-legal\/","url":"https:\/\/www.starwoodpanel.com\/aviso-legal\/","name":"Aviso legal - Starwood Panel","isPartOf":{"@id":"https:\/\/www.starwoodpanel.com\/#website"},"datePublished":"2023-04-20T11:42:59+00:00","dateModified":"2023-06-13T06:30:17+00:00","breadcrumb":{"@id":"https:\/\/www.starwoodpanel.com\/aviso-legal\/#breadcrumb"},"inLanguage":"ca","potentialAction":[{"@type":"ReadAction","target":["https:\/\/www.starwoodpanel.com\/aviso-legal\/"]}]},{"@type":"BreadcrumbList","@id":"https:\/\/www.starwoodpanel.com\/aviso-legal\/#breadcrumb","itemListElement":[{"@type":"ListItem","position":1,"name":"Portada","item":"https:\/\/www.starwoodpanel.com\/"},{"@type":"ListItem","position":2,"name":"Aviso legal"}]},{"@type":"WebSite","@id":"https:\/\/www.starwoodpanel.com\/#website","url":"https:\/\/www.starwoodpanel.com\/","name":"Starwood Panel","description":"Una nueva vida para tu pared","publisher":{"@id":"https:\/\/www.starwoodpanel.com\/#organization"},"potentialAction":[{"@type":"SearchAction","target":{"@type":"EntryPoint","urlTemplate":"https:\/\/www.starwoodpanel.com\/?s={search_term_string}"},"query-input":"required name=search_term_string"}],"inLanguage":"ca"},{"@type":"Organization","@id":"https:\/\/www.starwoodpanel.com\/#organization","name":"Starwood Panel","url":"https:\/\/www.starwoodpanel.com\/","logo":{"@type":"ImageObject","inLanguage":"ca","@id":"https:\/\/www.starwoodpanel.com\/#\/schema\/logo\/image\/","url":"https:\/\/www.starwoodpanel.com\/wp-content\/uploads\/2023\/04\/starwood.png","contentUrl":"https:\/\/www.starwoodpanel.com\/wp-content\/uploads\/2023\/04\/starwood.png","width":459,"height":94,"caption":"Starwood Panel"},"image":{"@id":"https:\/\/www.starwoodpanel.com\/#\/schema\/logo\/image\/"}}]}},"featured_image_src_large":false,"author_info":{"display_name":"soporte","author_link":"https:\/\/www.starwoodpanel.com\/ca\/author\/soporte\/"},"comment_info":0,"taxonomy_info":[],"_links":{"self":[{"href":"https:\/\/www.starwoodpanel.com\/ca\/wp-json\/wp\/v2\/pages\/201","targetHints":{"allow":["GET"]}}],"collection":[{"href":"https:\/\/www.starwoodpanel.com\/ca\/wp-json\/wp\/v2\/pages"}],"about":[{"href":"https:\/\/www.starwoodpanel.com\/ca\/wp-json\/wp\/v2\/types\/page"}],"author":[{"embeddable":true,"href":"https:\/\/www.starwoodpanel.com\/ca\/wp-json\/wp\/v2\/users\/1"}],"replies":[{"embeddable":true,"href":"https:\/\/www.starwoodpanel.com\/ca\/wp-json\/wp\/v2\/comments?post=201"}],"version-history":[{"count":1,"href":"https:\/\/www.starwoodpanel.com\/ca\/wp-json\/wp\/v2\/pages\/201\/revisions"}],"predecessor-version":[{"id":441,"href":"https:\/\/www.starwoodpanel.com\/ca\/wp-json\/wp\/v2\/pages\/201\/revisions\/441"}],"wp:attachment":[{"href":"https:\/\/www.starwoodpanel.com\/ca\/wp-json\/wp\/v2\/media?parent=201"}],"curies":[{"name":"wp","href":"https:\/\/api.w.org\/{rel}","templated":true}]}}